{"id":9853,"date":"2021-12-23T10:01:22","date_gmt":"2021-12-23T09:01:22","guid":{"rendered":"https:\/\/objective-dubinsky.31-170-100-185.plesk.page\/?page_id=9853"},"modified":"2021-12-23T10:01:22","modified_gmt":"2021-12-23T09:01:22","slug":"privacy-policy","status":"publish","type":"page","link":"https:\/\/adamorales.es\/en\/privacy-policy\/","title":{"rendered":"Privacy policy"},"content":{"rendered":"<p>Denominaci\u00f3n Social del prestador: ADA MORALES MENDA\u00d1O, en adelante AdaMorales.<\/p>\n<p>De conformidad con lo dispuesto en la Ley Org\u00e1nica 3\/2018, de Protecci\u00f3n de Datos de Car\u00e1cter Personal y Garant\u00eda de los Derechos Digitales (LOPDGDD) y su normativa de desarrollo, el responsable del sitio web, en cumplimiento de lo dispuesto en los art\u00edculos 6 y 11 de la LOPDGDD, informa a todos los usuarios del sitio web que faciliten o vayan a facilitar sus datos personales, que estos ser\u00e1n incorporados en un fichero automatizado, propiedad de AdaMorales.<\/p>\n<p>&nbsp;<\/p>\n<p>Los usuarios aceptan expresamente y de forma libre e inequ\u00edvoca que sus datos personales sean tratados por parte de AdaMorales para realizar las siguientes finalidades:<\/p>\n<p>&nbsp;<\/p>\n<ol>\n<li>Remisi\u00f3n de comunicaciones comerciales publicitarias por e-mail, fax, SMS, MMS, comunidades sociales o cualesquier otro medio electr\u00f3nico o f\u00edsico, presente o futuro, que posibilite realizar comunicaci\u00f3n comercial. Dichas comunicaciones comerciales ser\u00e1n relacionadas sobre productos o servicios ofrecidos por AdaMorales, as\u00ed como por parte de los colaboradores o partners con los que \u00e9ste hubiera alcanzado alg\u00fan acuerdo de promoci\u00f3n comercial entre sus clientes. En este caso, los terceros nunca tendr\u00e1n acceso a los datos personales. En todo caso las comunicaciones comerciales ser\u00e1n realizadas por parte de AdaMorales y ser\u00e1n de productos y servicios relacionados con el sector de AdaMorales.<\/li>\n<li>Realizar estudios estad\u00edsticos.<\/li>\n<li>Tramitar encargos, solicitudes o cualquier tipo de petici\u00f3n que sea realizada por el usuario a trav\u00e9s de cualquiera de las formas de contacto que se ponen a disposici\u00f3n del usuario en el sitio web de la compa\u00f1\u00eda.<\/li>\n<li>Remitir el bolet\u00edn de noticias de la p\u00e1gina web.<\/li>\n<\/ol>\n<p>&nbsp;<\/p>\n<p>AdaMorales informa y garantiza expresamente a los usuarios que sus datos personales no ser\u00e1n cedidos en ning\u00fan caso a terceras compa\u00f1\u00edas, y que siempre que fuera a realizarse alg\u00fan tipo de cesi\u00f3n de datos personales, de forma previa, se solicitar\u00eda el consentimiento expreso, informado, e inequ\u00edvoco por parte de los titulares.<\/p>\n<p>&nbsp;<\/p>\n<p>Todos los datos solicitados a trav\u00e9s del sitio web son obligatorios, ya que son necesarios para la prestaci\u00f3n de un servicio \u00f3ptimo al usuario. En caso de que no sean facilitados todos los datos, AdaMorales no garantiza que la informaci\u00f3n y servicios facilitados sean completamente ajustados a sus necesidades.<\/p>\n<p>&nbsp;<\/p>\n<p>AdaMorales garantiza en todo caso al usuario el ejercicio de los derechos de acceso, rectificaci\u00f3n, cancelaci\u00f3n, informaci\u00f3n y oposici\u00f3n, en los t\u00e9rminos dispuestos en la legislaci\u00f3n vigente. Por ello, de conformidad con lo dispuesto en la Ley Org\u00e1nica 3\/2018, de Protecci\u00f3n de Datos de Car\u00e1cter Personal y Garant\u00eda de los Derechos Digitales (LOPDGDD) podr\u00e1 ejercer sus derechos remitiendo una solicitud expresa, junto a una copia de su DNI, pasaporte o cualquier otro medio v\u00e1lido en derecho que le acredite, a trav\u00e9s de los siguientes medios:<\/p>\n<p>&nbsp;<\/p>\n<ul>\n<li>e-mail: info@adamorales.es<\/li>\n<li>Correo postal: C\/ Lirio, 30 \u00b7 46024 Valencia<\/li>\n<\/ul>\n<p>&nbsp;<\/p>\n<p>Del mismo modo, AdaMorales ha adoptado todas las medidas t\u00e9cnicas y de organizaci\u00f3n, necesarias para garantizar la seguridad e integridad de los datos de car\u00e1cter personal que trate, as\u00ed como para evitar su p\u00e9rdida, alteraci\u00f3n y\/o acceso por parte de terceros no autorizados.<\/p>\n<p>&nbsp;<\/p>\n<p>El usuario que env\u00eda la informaci\u00f3n a AdaMorales, es el \u00fanico responsable de la veracidad y correcci\u00f3n de los datos incluidos, exoner\u00e1ndose AdaMorales de cualquier responsabilidad al respecto.<\/p>\n<p>&nbsp;<\/p>\n<p>Los usuarios garantizan y responden, en cualquier caso, de la exactitud, vigencia y autenticidad de los datos personales facilitados, y se comprometen a mantenerlos debidamente actualizados. El usuario acepta proporcionar informaci\u00f3n completa y correcta en el formulario de registro o suscripci\u00f3n.<\/p>\n<p>&nbsp;<\/p>\n<h2>USO DE COOKIES Y DEL FICHERO DE ACTIVIDAD<\/h2>\n<p>&nbsp;<\/p>\n<p>AdaMorales por su propia cuenta o la de un tercero contratado para la prestaci\u00f3n de servicios de medici\u00f3n, pueden utilizar cookies cuando un usuario navega por el sitio web. Las cookies son ficheros enviados al navegador por medio de un servidor web con la finalidad de registrar las actividades del usuario durante su tiempo de navegaci\u00f3n.<\/p>\n<p>&nbsp;<\/p>\n<p>Las cookies utilizadas por el sitio web se asocian \u00fanicamente con un usuario an\u00f3nimo y su navegador, y no proporcionan por s\u00ed mismas los datos personales del usuario.<\/p>\n<p>&nbsp;<\/p>\n<p>Mediante el uso de las cookies, resulta posible que el servidor donde se encuentra la web, reconozca el navegador web utilizado por el usuario con la finalidad de que la navegaci\u00f3n sea m\u00e1s sencilla, permitiendo, por ejemplo, el acceso a los usuarios que se hayan registrado previamente, acceder a las \u00e1reas, servicios, promociones o concursos reservados exclusivamente a ellos sin tener que registrarse en cada visita. Se utilizan tambi\u00e9n para medir la audiencia y par\u00e1metros del tr\u00e1fico, controlar el progreso y n\u00famero de entradas.<\/p>\n<p>&nbsp;<\/p>\n<p>El usuario tiene la posibilidad de configurar su navegador para ser avisado de la recepci\u00f3n de cookies y para impedir su instalaci\u00f3n en su equipo. Por favor, consulte las instrucciones y manuales de su navegador para ampliar esta informaci\u00f3n.<\/p>\n<p>&nbsp;<\/p>\n<p>Para utilizar el sitio web, no resulta necesario que el usuario permita la instalaci\u00f3n de las cookies enviadas por el sitio web, o el tercero que act\u00fae en su nombre, sin perjuicio de que sea necesario que el usuario inicie una sesi\u00f3n como tal en cada uno de los servicios cuya prestaci\u00f3n requiera el previo registro o login.<\/p>\n<p>&nbsp;<\/p>\n<p>Las cookies utilizadas en este sitio web tienen, en todo caso, car\u00e1cter temporal con la \u00fanica finalidad de hacer m\u00e1s eficaz su transmisi\u00f3n ulterior. En ning\u00fan caso se utilizar\u00e1n las cookies para recoger informaci\u00f3n de car\u00e1cter personal.<\/p>\n<p>&nbsp;<\/p>\n<h2>DIRECCIONES IP<\/h2>\n<p>&nbsp;<\/p>\n<p>Los servidores del sitio web podr\u00e1n detectar de manera autom\u00e1tica la direcci\u00f3n IP y el nombre de dominio utilizados por el usuario. Una direcci\u00f3n IP es un n\u00famero asignado autom\u00e1ticamente a un ordenador cuando este se conecta a Internet. Toda esta informaci\u00f3n es registrada en un fichero de actividad del servidor debidamente inscrito que permite el posterior procesamiento de los datos con el fin de obtener mediciones \u00fanicamente estad\u00edsticas, que permitan conocer el n\u00famero de impresiones de p\u00e1ginas, el n\u00famero de visitas realizadas a los servicios web, el orden de visitas, el punto de acceso, etc.<\/p>\n<p>&nbsp;<\/p>\n<h2>SEGURIDAD<\/h2>\n<p>&nbsp;<\/p>\n<p>El sitio web utiliza t\u00e9cnicas de seguridad de la informaci\u00f3n generalmente aceptadas en la industria, tales como firewalls, procedimientos de control de acceso y mecanismos criptogr\u00e1ficos, todo ello con el objeto de evitar el acceso no autorizado a los datos. Para lograr estos fines, el usuario\/cliente acepta que el prestador obtenga datos para efectos de la correspondiente autenticaci\u00f3n de los controles de acceso.<\/p>\n<p>&nbsp;<\/p>\n<p>Todo proceso de contrataci\u00f3n o que conlleve la introducci\u00f3n de datos personales de car\u00e1cter alto (salud, ideolog\u00eda,) ser\u00e1n siempre transmitidos mediante protocolo de comunicaci\u00f3n segura (Https:\/\/,), de tal forma que ning\u00fan tercero tenga acceso a la informaci\u00f3n transmitida v\u00eda electr\u00f3nica.<\/p>\n<p>&nbsp;<\/p>\n<h2>ACEPTACI\u00d3N Y CONSENTIMIENTO<\/h2>\n<p>&nbsp;<\/p>\n<p>El usuario declara haber sido informado de las condiciones sobre protecci\u00f3n de datos de car\u00e1cter personal, aceptando y consintiendo el tratamiento de los mismos por parte de AdaMorales en la forma y para las finalidades indicadas en la presente Pol\u00edtica de Protecci\u00f3n de Datos Personales.<\/p>\n<p>&nbsp;<\/p>\n<h2>CAMBIOS EN LA PRESENTE POL\u00cdTICA DE PRIVACIDAD<\/h2>\n<p>&nbsp;<\/p>\n<p>AdaMorales se reserva el derecho a modificar la presente pol\u00edtica de privacidad, para adaptarla a novedades legislativas o jurisprudenciales, as\u00ed como a pr\u00e1cticas de la industria. En dichos supuestos, AdaMorales anunciar\u00e1 en esta p\u00e1gina los cambios introducidos con razonable antelaci\u00f3n a su puesta en pr\u00e1ctica.<\/p>\n<p>&nbsp;<\/p>\n<h2>DATOS DEL PRESTADOR<\/h2>\n<p>&nbsp;<\/p>\n<p>Denominaci\u00f3n social: Ada Morales Menda\u00f1o<br \/>\nNombre Comercial: Ada Morales<br \/>\nDomicilio Social: C\/ Lirio, 30 \u00b7 46024 Valencia<br \/>\nCIF \/ NIF: 20806379G<br \/>\ne-mail: info@adamorales.es<br \/>\nNombre de dominio: www.adamorales.es<\/p>\n","protected":false},"excerpt":{"rendered":"<p>Denominaci\u00f3n Social del prestador: ADA MORALES MENDA\u00d1O, en adelante AdaMorales. De conformidad con lo dispuesto en la Ley Org\u00e1nica 3\/2018, [&hellip;]<\/p>\n","protected":false},"author":1,"featured_media":0,"parent":0,"menu_order":0,"comment_status":"closed","ping_status":"closed","template":"","meta":{"footnotes":""},"class_list":["post-9853","page","type-page","status-publish","hentry"],"yoast_head":"<!-- This site is optimized with the Yoast SEO plugin v23.8 - https:\/\/yoast.com\/wordpress\/plugins\/seo\/ -->\n<title>- Privacy policy<\/title>\n<meta name=\"robots\" content=\"noindex, follow\" \/>\n<meta property=\"og:locale\" content=\"en_US\" \/>\n<meta property=\"og:type\" content=\"article\" \/>\n<meta property=\"og:title\" content=\"- Privacy policy\" \/>\n<meta property=\"og:description\" content=\"Denominaci\u00f3n Social del prestador: ADA MORALES MENDA\u00d1O, en adelante AdaMorales. De conformidad con lo dispuesto en la Ley Org\u00e1nica 3\/2018, [&hellip;]\" \/>\n<meta property=\"og:url\" content=\"https:\/\/adamorales.es\/en\/privacy-policy\/\" \/>\n<meta property=\"og:site_name\" content=\"Ada Morales\" \/>\n<meta property=\"article:publisher\" content=\"https:\/\/www.facebook.com\/adamoraleses-1460474490899619\/\" \/>\n<meta name=\"twitter:card\" content=\"summary_large_image\" \/>\n<meta name=\"twitter:site\" content=\"@adamoralescoach\" \/>\n<meta name=\"twitter:label1\" content=\"Est. reading time\" \/>\n\t<meta name=\"twitter:data1\" content=\"7 minutes\" \/>\n<script type=\"application\/ld+json\" class=\"yoast-schema-graph\">{\"@context\":\"https:\/\/schema.org\",\"@graph\":[{\"@type\":\"WebPage\",\"@id\":\"https:\/\/adamorales.es\/en\/privacy-policy\/\",\"url\":\"https:\/\/adamorales.es\/en\/privacy-policy\/\",\"name\":\"- Privacy policy\",\"isPartOf\":{\"@id\":\"https:\/\/adamorales.es\/#website\"},\"datePublished\":\"2021-12-23T09:01:22+00:00\",\"dateModified\":\"2021-12-23T09:01:22+00:00\",\"breadcrumb\":{\"@id\":\"https:\/\/adamorales.es\/en\/privacy-policy\/#breadcrumb\"},\"inLanguage\":\"en-US\",\"potentialAction\":[{\"@type\":\"ReadAction\",\"target\":[\"https:\/\/adamorales.es\/en\/privacy-policy\/\"]}]},{\"@type\":\"BreadcrumbList\",\"@id\":\"https:\/\/adamorales.es\/en\/privacy-policy\/#breadcrumb\",\"itemListElement\":[{\"@type\":\"ListItem\",\"position\":1,\"name\":\"Home\",\"item\":\"https:\/\/adamorales.es\/en\/\"},{\"@type\":\"ListItem\",\"position\":2,\"name\":\"Privacy policy\"}]},{\"@type\":\"WebSite\",\"@id\":\"https:\/\/adamorales.es\/#website\",\"url\":\"https:\/\/adamorales.es\/\",\"name\":\"Ada Morales\",\"description\":\"coaching, formaci\u00f3n en comunicaci\u00f3n, ventas, inteligencia comercial y liderazgo\",\"publisher\":{\"@id\":\"https:\/\/adamorales.es\/#organization\"},\"potentialAction\":[{\"@type\":\"SearchAction\",\"target\":{\"@type\":\"EntryPoint\",\"urlTemplate\":\"https:\/\/adamorales.es\/?s={search_term_string}\"},\"query-input\":{\"@type\":\"PropertyValueSpecification\",\"valueRequired\":true,\"valueName\":\"search_term_string\"}}],\"inLanguage\":\"en-US\"},{\"@type\":\"Organization\",\"@id\":\"https:\/\/adamorales.es\/#organization\",\"name\":\"Ada Morales\",\"url\":\"https:\/\/adamorales.es\/\",\"logo\":{\"@type\":\"ImageObject\",\"inLanguage\":\"en-US\",\"@id\":\"https:\/\/adamorales.es\/#\/schema\/logo\/image\/\",\"url\":\"https:\/\/adamorales.es\/wp-content\/uploads\/IMG_4792.jpg\",\"contentUrl\":\"https:\/\/adamorales.es\/wp-content\/uploads\/IMG_4792.jpg\",\"width\":960,\"height\":720,\"caption\":\"Ada Morales\"},\"image\":{\"@id\":\"https:\/\/adamorales.es\/#\/schema\/logo\/image\/\"},\"sameAs\":[\"https:\/\/www.facebook.com\/adamoraleses-1460474490899619\/\",\"https:\/\/x.com\/adamoralescoach\",\"https:\/\/www.linkedin.com\/in\/adamorales\/\"]}]}<\/script>\n<!-- \/ Yoast SEO plugin. -->","yoast_head_json":{"title":"- Privacy policy","robots":{"index":"noindex","follow":"follow"},"og_locale":"en_US","og_type":"article","og_title":"- Privacy policy","og_description":"Denominaci\u00f3n Social del prestador: ADA MORALES MENDA\u00d1O, en adelante AdaMorales. De conformidad con lo dispuesto en la Ley Org\u00e1nica 3\/2018, [&hellip;]","og_url":"https:\/\/adamorales.es\/en\/privacy-policy\/","og_site_name":"Ada Morales","article_publisher":"https:\/\/www.facebook.com\/adamoraleses-1460474490899619\/","twitter_card":"summary_large_image","twitter_site":"@adamoralescoach","twitter_misc":{"Est. reading time":"7 minutes"},"schema":{"@context":"https:\/\/schema.org","@graph":[{"@type":"WebPage","@id":"https:\/\/adamorales.es\/en\/privacy-policy\/","url":"https:\/\/adamorales.es\/en\/privacy-policy\/","name":"- Privacy policy","isPartOf":{"@id":"https:\/\/adamorales.es\/#website"},"datePublished":"2021-12-23T09:01:22+00:00","dateModified":"2021-12-23T09:01:22+00:00","breadcrumb":{"@id":"https:\/\/adamorales.es\/en\/privacy-policy\/#breadcrumb"},"inLanguage":"en-US","potentialAction":[{"@type":"ReadAction","target":["https:\/\/adamorales.es\/en\/privacy-policy\/"]}]},{"@type":"BreadcrumbList","@id":"https:\/\/adamorales.es\/en\/privacy-policy\/#breadcrumb","itemListElement":[{"@type":"ListItem","position":1,"name":"Home","item":"https:\/\/adamorales.es\/en\/"},{"@type":"ListItem","position":2,"name":"Privacy policy"}]},{"@type":"WebSite","@id":"https:\/\/adamorales.es\/#website","url":"https:\/\/adamorales.es\/","name":"Ada Morales","description":"coaching, formaci\u00f3n en comunicaci\u00f3n, ventas, inteligencia comercial y liderazgo","publisher":{"@id":"https:\/\/adamorales.es\/#organization"},"potentialAction":[{"@type":"SearchAction","target":{"@type":"EntryPoint","urlTemplate":"https:\/\/adamorales.es\/?s={search_term_string}"},"query-input":{"@type":"PropertyValueSpecification","valueRequired":true,"valueName":"search_term_string"}}],"inLanguage":"en-US"},{"@type":"Organization","@id":"https:\/\/adamorales.es\/#organization","name":"Ada Morales","url":"https:\/\/adamorales.es\/","logo":{"@type":"ImageObject","inLanguage":"en-US","@id":"https:\/\/adamorales.es\/#\/schema\/logo\/image\/","url":"https:\/\/adamorales.es\/wp-content\/uploads\/IMG_4792.jpg","contentUrl":"https:\/\/adamorales.es\/wp-content\/uploads\/IMG_4792.jpg","width":960,"height":720,"caption":"Ada Morales"},"image":{"@id":"https:\/\/adamorales.es\/#\/schema\/logo\/image\/"},"sameAs":["https:\/\/www.facebook.com\/adamoraleses-1460474490899619\/","https:\/\/x.com\/adamoralescoach","https:\/\/www.linkedin.com\/in\/adamorales\/"]}]}},"_links":{"self":[{"href":"https:\/\/adamorales.es\/en\/wp-json\/wp\/v2\/pages\/9853"}],"collection":[{"href":"https:\/\/adamorales.es\/en\/wp-json\/wp\/v2\/pages"}],"about":[{"href":"https:\/\/adamorales.es\/en\/wp-json\/wp\/v2\/types\/page"}],"author":[{"embeddable":true,"href":"https:\/\/adamorales.es\/en\/wp-json\/wp\/v2\/users\/1"}],"replies":[{"embeddable":true,"href":"https:\/\/adamorales.es\/en\/wp-json\/wp\/v2\/comments?post=9853"}],"version-history":[{"count":3,"href":"https:\/\/adamorales.es\/en\/wp-json\/wp\/v2\/pages\/9853\/revisions"}],"predecessor-version":[{"id":9856,"href":"https:\/\/adamorales.es\/en\/wp-json\/wp\/v2\/pages\/9853\/revisions\/9856"}],"wp:attachment":[{"href":"https:\/\/adamorales.es\/en\/wp-json\/wp\/v2\/media?parent=9853"}],"curies":[{"name":"wp","href":"https:\/\/api.w.org\/{rel}","templated":true}]}}