{"id":9706,"date":"2021-12-21T20:32:09","date_gmt":"2021-12-21T19:32:09","guid":{"rendered":"https:\/\/objective-dubinsky.31-170-100-185.plesk.page\/?page_id=9706"},"modified":"2023-09-07T17:56:36","modified_gmt":"2023-09-07T15:56:36","slug":"most-recent-posts","status":"publish","type":"page","link":"https:\/\/adamorales.es\/en\/coaching-comercial-formacion-en-ventas\/most-recent-posts\/","title":{"rendered":"Recent posts"},"content":{"rendered":"\t\t<div data-elementor-type=\"wp-page\" data-elementor-id=\"9706\" class=\"elementor elementor-9706\">\n\t\t\t\t\t\t<section class=\"elementor-section elementor-top-section elementor-element elementor-element-4402d9f elementor-section-full_width elementor-section-height-default elementor-section-height-default\" data-id=\"4402d9f\" data-element_type=\"section\">\n\t\t\t\t\t\t<div class=\"elementor-container elementor-column-gap-default\">\n\t\t\t\t\t<div class=\"elementor-column elementor-col-100 elementor-top-column elementor-element elementor-element-499a668\" data-id=\"499a668\" data-element_type=\"column\">\n\t\t\t<div class=\"elementor-widget-wrap elementor-element-populated\">\n\t\t\t\t\t\t<div class=\"elementor-element elementor-element-5270a15 premium-blog-align-left elementor-widget elementor-widget-premium-addon-blog\" data-id=\"5270a15\" data-element_type=\"widget\" data-settings=\"{&quot;premium_blog_layout&quot;:&quot;masonry&quot;,&quot;premium_blog_columns_number&quot;:&quot;20%&quot;,&quot;premium_blog_grid&quot;:&quot;yes&quot;,&quot;premium_blog_columns_number_tablet&quot;:&quot;50%&quot;,&quot;premium_blog_columns_number_mobile&quot;:&quot;100%&quot;}\" data-widget_type=\"premium-addon-blog.default\">\n\t\t\t\t<div class=\"elementor-widget-container\">\n\t\t\t\t\t\r\n\t\t\t\t<div class=\"premium-blog-wrap  premium-blog-masonry\" data-page=\"9706\">\r\n\t\t\t\t\t<div class=\"premium-blog-post-outer-container\" data-total=\"19\">\r\n\t\t\t<div class=\"premium-blog-post-container premium-blog-skin-classic\">\r\n\t\t\t\t\t\t\t\t\t<div class=\"premium-blog-thumb-effect-wrapper\">\r\n\t\t\t\t\t\t<div class=\"premium-blog-thumbnail-container premium-blog-zoomin-effect\">\r\n\t\t\t\t\t\t\t<img fetchpriority=\"high\" decoding=\"async\" width=\"300\" height=\"205\" src=\"https:\/\/adamorales.es\/wp-content\/uploads\/Captura-de-pantalla-2026-04-10-a-las-14.48.51-e1776076180887-300x205.png\" class=\"attachment-medium size-medium wp-image-36513\" alt=\"Qui\u00e9n es tu cliente ideal. Ada Morales\" srcset=\"https:\/\/adamorales.es\/wp-content\/uploads\/Captura-de-pantalla-2026-04-10-a-las-14.48.51-e1776076180887-300x205.png 300w, https:\/\/adamorales.es\/wp-content\/uploads\/Captura-de-pantalla-2026-04-10-a-las-14.48.51-e1776076180887-1024x699.png 1024w, https:\/\/adamorales.es\/wp-content\/uploads\/Captura-de-pantalla-2026-04-10-a-las-14.48.51-e1776076180887-768x524.png 768w, https:\/\/adamorales.es\/wp-content\/uploads\/Captura-de-pantalla-2026-04-10-a-las-14.48.51-e1776076180887.png 1213w\" sizes=\"(max-width: 300px) 100vw, 300px\" \/>\t\t\t\t\t\t<\/div>\r\n\t\t\t\t\t\t\t\t\t\t\t\t\t<div class=\"premium-blog-thumbnail-overlay\">\r\n\t\t\t\t\t\t\t\t<a class=\"elementor-icon\" href=\"https:\/\/adamorales.es\/en\/quien-es-tu-cliente-ideal\/\" target=\"_self\" aria-hidden=\"true\"><span>Qui\u00e9n es tu cliente ideal<\/span><\/a>\r\n\t\t\t\t\t\t\t<\/div>\r\n\r\n\t\t\t\t\t\t\t\t\t\t\t\t\t\t\t\t\t\t<\/div>\r\n\t\t\t\t\t\t\t\t\t\t\t\t<div class=\"premium-blog-content-wrapper \">\r\n\r\n\t\t\t\t\t<div class=\"premium-blog-inner-container\">\r\n\r\n\t\t\t\t\t\t\t\t\t\t\t\t\t\t<h2 class=\"premium-blog-entry-title\">\r\n\t\t\t<a href=\"https:\/\/adamorales.es\/en\/quien-es-tu-cliente-ideal\/\" target=\"_self\">\r\n\t\t\t\tQui\u00e9n es tu cliente ideal\t\t\t<\/a>\r\n\t\t<\/h2>\r\n\t\t\t\t<div class=\"premium-blog-entry-meta\">\r\n\t\t\t\r\n\t\t\t\t\t\t\t<span class=\"premium-blog-meta-separator\">\u2022<\/span>\r\n\t\t\t\t<div class=\"premium-blog-post-time premium-blog-meta-data\">\r\n\t\t\t\t\t<i class=\"fa fa-calendar-alt\" aria-hidden=\"true\"><\/i>\r\n\t\t\t\t\t<span>14 April, 2026<\/span>\r\n\t\t\t\t<\/div>\r\n\t\t\t\r\n\t\t\t\r\n\t\t\t\t\t<\/div>\r\n\t\t\r\n\t\t\t\t\t<\/div>\r\n\r\n\t\t\t\t\t\t\t<div class=\"premium-blog-content-inner-wrapper\">\r\n\t\t<p class=\"premium-blog-post-content\">Qui\u00e9n es tu cliente ideal o ICP Ideal Customer Profile. Es la descripci\u00f3n precisa de la empresa o persona que m\u00e1s se beneficia de lo que ofreces, que tiene capacidad para pagarlo y con quien la relaci\u00f3n es rentable para ambas partes. No es un buyer person. El buyer es una persona, una individuo. El ICP es el contexto: el tipo de empresa, el sector, el tama\u00f1o, el momento en el que est\u00e1n, los problemas que les quitan el sue\u00f1o.\r\nCuando defines bien tu ICP, pasan cosas muy interesantes como estas: \u2014 Tu mensaje conecta porque habla de ellos, no de ti. \u2014 Tu equipo comercial deja de perseguir oportunidades que nunca van a cerrar. \u2014 Tu marketing deja de generar ruido y empieza a generar oportunidades reales. Recuerda que tu ICP no es un documento que se hace una vez y se guarda en una carpeta. Es algo vivo que afinas con cada ciclo de ventas. Si est\u00e1s revisando tu estrategia comercial para este a\u00f1o y todav\u00eda no tienes un ICP definido, empieza por ah\u00ed. Todo lo dem\u00e1s, el mensaje, el canal, la cadencia de prospecci\u00f3n, depende de eso.<\/p>\t\t<\/div>\r\n\t\t\t\t\t\t\t\r\n\t\t\t\t<\/div>\r\n\t\t\t<\/div>\r\n\t\t<\/div>\r\n\r\n\t\t\t\t<div class=\"premium-blog-post-outer-container\" data-total=\"19\">\r\n\t\t\t<div class=\"premium-blog-post-container premium-blog-skin-classic\">\r\n\t\t\t\t\t\t\t\t\t<div class=\"premium-blog-thumb-effect-wrapper\">\r\n\t\t\t\t\t\t<div class=\"premium-blog-thumbnail-container premium-blog-zoomin-effect\">\r\n\t\t\t\t\t\t\t<img decoding=\"async\" width=\"300\" height=\"204\" src=\"https:\/\/adamorales.es\/wp-content\/uploads\/Captura-de-pantalla-2026-02-17-a-las-15.49.17-300x204.png\" class=\"attachment-medium size-medium wp-image-36356\" alt=\"Por qu\u00e9 lo caro (muchas veces) sale barato\" srcset=\"https:\/\/adamorales.es\/wp-content\/uploads\/Captura-de-pantalla-2026-02-17-a-las-15.49.17-300x204.png 300w, https:\/\/adamorales.es\/wp-content\/uploads\/Captura-de-pantalla-2026-02-17-a-las-15.49.17-768x523.png 768w, https:\/\/adamorales.es\/wp-content\/uploads\/Captura-de-pantalla-2026-02-17-a-las-15.49.17.png 946w\" sizes=\"(max-width: 300px) 100vw, 300px\" \/>\t\t\t\t\t\t<\/div>\r\n\t\t\t\t\t\t\t\t\t\t\t\t\t<div class=\"premium-blog-thumbnail-overlay\">\r\n\t\t\t\t\t\t\t\t<a class=\"elementor-icon\" href=\"https:\/\/adamorales.es\/en\/por-que-lo-caro-muchas-veces-sale-barato\/\" target=\"_self\" aria-hidden=\"true\"><span>Por qu\u00e9 lo caro (muchas veces) sale barato<\/span><\/a>\r\n\t\t\t\t\t\t\t<\/div>\r\n\r\n\t\t\t\t\t\t\t\t\t\t\t\t\t\t\t\t\t\t<\/div>\r\n\t\t\t\t\t\t\t\t\t\t\t\t<div class=\"premium-blog-content-wrapper \">\r\n\r\n\t\t\t\t\t<div class=\"premium-blog-inner-container\">\r\n\r\n\t\t\t\t\t\t\t\t\t\t\t\t\t\t<h2 class=\"premium-blog-entry-title\">\r\n\t\t\t<a href=\"https:\/\/adamorales.es\/en\/por-que-lo-caro-muchas-veces-sale-barato\/\" target=\"_self\">\r\n\t\t\t\tPor qu\u00e9 lo caro (muchas veces) sale barato\t\t\t<\/a>\r\n\t\t<\/h2>\r\n\t\t\t\t<div class=\"premium-blog-entry-meta\">\r\n\t\t\t\r\n\t\t\t\t\t\t\t<span class=\"premium-blog-meta-separator\">\u2022<\/span>\r\n\t\t\t\t<div class=\"premium-blog-post-time premium-blog-meta-data\">\r\n\t\t\t\t\t<i class=\"fa fa-calendar-alt\" aria-hidden=\"true\"><\/i>\r\n\t\t\t\t\t<span>12 February, 2026<\/span>\r\n\t\t\t\t<\/div>\r\n\t\t\t\r\n\t\t\t\r\n\t\t\t\t\t<\/div>\r\n\t\t\r\n\t\t\t\t\t<\/div>\r\n\r\n\t\t\t\t\t\t\t<div class=\"premium-blog-content-inner-wrapper\">\r\n\t\t<p class=\"premium-blog-post-content\">Durante a\u00f1os hemos escuchado la frase \u201clo barato sale caro\u201d. La repetimos tanto que parece incuestionable. Sin embargo, existe otra [&hellip;]<\/p>\t\t<\/div>\r\n\t\t\t\t\t\t\t\r\n\t\t\t\t<\/div>\r\n\t\t\t<\/div>\r\n\t\t<\/div>\r\n\r\n\t\t\t\t<div class=\"premium-blog-post-outer-container\" data-total=\"19\">\r\n\t\t\t<div class=\"premium-blog-post-container premium-blog-skin-classic\">\r\n\t\t\t\t\t\t\t\t\t<div class=\"premium-blog-thumb-effect-wrapper\">\r\n\t\t\t\t\t\t<div class=\"premium-blog-thumbnail-container premium-blog-zoomin-effect\">\r\n\t\t\t\t\t\t\t<img decoding=\"async\" width=\"300\" height=\"216\" src=\"https:\/\/adamorales.es\/wp-content\/uploads\/el-huevo-y-la-gallina_daniel-tuttle-deTto-_UXCk-unsplash-scaled-e1768850918939-300x216.jpg\" class=\"attachment-medium size-medium wp-image-36169\" alt=\"Qu\u00e9 es la prospecci\u00f3n comercial. Ada Morales\" srcset=\"https:\/\/adamorales.es\/wp-content\/uploads\/el-huevo-y-la-gallina_daniel-tuttle-deTto-_UXCk-unsplash-scaled-e1768850918939-300x216.jpg 300w, https:\/\/adamorales.es\/wp-content\/uploads\/el-huevo-y-la-gallina_daniel-tuttle-deTto-_UXCk-unsplash-scaled-e1768850918939-1024x737.jpg 1024w, https:\/\/adamorales.es\/wp-content\/uploads\/el-huevo-y-la-gallina_daniel-tuttle-deTto-_UXCk-unsplash-scaled-e1768850918939-768x553.jpg 768w, https:\/\/adamorales.es\/wp-content\/uploads\/el-huevo-y-la-gallina_daniel-tuttle-deTto-_UXCk-unsplash-scaled-e1768850918939-1536x1106.jpg 1536w, https:\/\/adamorales.es\/wp-content\/uploads\/el-huevo-y-la-gallina_daniel-tuttle-deTto-_UXCk-unsplash-scaled-e1768850918939-2048x1474.jpg 2048w\" sizes=\"(max-width: 300px) 100vw, 300px\" \/>\t\t\t\t\t\t<\/div>\r\n\t\t\t\t\t\t\t\t\t\t\t\t\t<div class=\"premium-blog-thumbnail-overlay\">\r\n\t\t\t\t\t\t\t\t<a class=\"elementor-icon\" href=\"https:\/\/adamorales.es\/en\/que-es-la-prospeccion-comercial\/\" target=\"_self\" aria-hidden=\"true\"><span>Qu\u00e9 es la prospecci\u00f3n comercial<\/span><\/a>\r\n\t\t\t\t\t\t\t<\/div>\r\n\r\n\t\t\t\t\t\t\t\t\t\t\t\t\t\t\t\t\t\t<\/div>\r\n\t\t\t\t\t\t\t\t\t\t\t\t<div class=\"premium-blog-content-wrapper \">\r\n\r\n\t\t\t\t\t<div class=\"premium-blog-inner-container\">\r\n\r\n\t\t\t\t\t\t\t\t\t\t\t\t\t\t<h2 class=\"premium-blog-entry-title\">\r\n\t\t\t<a href=\"https:\/\/adamorales.es\/en\/que-es-la-prospeccion-comercial\/\" target=\"_self\">\r\n\t\t\t\tQu\u00e9 es la prospecci\u00f3n comercial\t\t\t<\/a>\r\n\t\t<\/h2>\r\n\t\t\t\t<div class=\"premium-blog-entry-meta\">\r\n\t\t\t\r\n\t\t\t\t\t\t\t<span class=\"premium-blog-meta-separator\">\u2022<\/span>\r\n\t\t\t\t<div class=\"premium-blog-post-time premium-blog-meta-data\">\r\n\t\t\t\t\t<i class=\"fa fa-calendar-alt\" aria-hidden=\"true\"><\/i>\r\n\t\t\t\t\t<span>21 January, 2026<\/span>\r\n\t\t\t\t<\/div>\r\n\t\t\t\r\n\t\t\t\r\n\t\t\t\t\t<\/div>\r\n\t\t\r\n\t\t\t\t\t<\/div>\r\n\r\n\t\t\t\t\t\t\t<div class=\"premium-blog-content-inner-wrapper\">\r\n\t\t<p class=\"premium-blog-post-content\">Enero es un mes de reuniones, an\u00e1lisis de necesidades, definir proyectos y planificar las ventas. Hace no mucho, en sesi\u00f3n [&hellip;]<\/p>\t\t<\/div>\r\n\t\t\t\t\t\t\t\r\n\t\t\t\t<\/div>\r\n\t\t\t<\/div>\r\n\t\t<\/div>\r\n\r\n\t\t\t\t<div class=\"premium-blog-post-outer-container\" data-total=\"19\">\r\n\t\t\t<div class=\"premium-blog-post-container premium-blog-skin-classic\">\r\n\t\t\t\t\t\t\t\t\t<div class=\"premium-blog-thumb-effect-wrapper\">\r\n\t\t\t\t\t\t<div class=\"premium-blog-thumbnail-container premium-blog-zoomin-effect\">\r\n\t\t\t\t\t\t\t<img loading=\"lazy\" decoding=\"async\" width=\"300\" height=\"233\" src=\"https:\/\/adamorales.es\/wp-content\/uploads\/IMG_6503-300x233.jpeg\" class=\"attachment-medium size-medium wp-image-35883\" alt=\"C\u00f3mo dise\u00f1ar objetivos comerciales que mejoren el rendimiento del equipo\" srcset=\"https:\/\/adamorales.es\/wp-content\/uploads\/IMG_6503-300x233.jpeg 300w, https:\/\/adamorales.es\/wp-content\/uploads\/IMG_6503-1024x794.jpeg 1024w, https:\/\/adamorales.es\/wp-content\/uploads\/IMG_6503-768x595.jpeg 768w, https:\/\/adamorales.es\/wp-content\/uploads\/IMG_6503.jpeg 1280w\" sizes=\"(max-width: 300px) 100vw, 300px\" \/>\t\t\t\t\t\t<\/div>\r\n\t\t\t\t\t\t\t\t\t\t\t\t\t<div class=\"premium-blog-thumbnail-overlay\">\r\n\t\t\t\t\t\t\t\t<a class=\"elementor-icon\" href=\"https:\/\/adamorales.es\/en\/como-disenar-objetivos-comerciales\/\" target=\"_self\" aria-hidden=\"true\"><span>C\u00f3mo dise\u00f1ar objetivos comerciales<\/span><\/a>\r\n\t\t\t\t\t\t\t<\/div>\r\n\r\n\t\t\t\t\t\t\t\t\t\t\t\t\t\t\t\t\t\t<\/div>\r\n\t\t\t\t\t\t\t\t\t\t\t\t<div class=\"premium-blog-content-wrapper \">\r\n\r\n\t\t\t\t\t<div class=\"premium-blog-inner-container\">\r\n\r\n\t\t\t\t\t\t\t\t\t\t\t\t\t\t<h2 class=\"premium-blog-entry-title\">\r\n\t\t\t<a href=\"https:\/\/adamorales.es\/en\/como-disenar-objetivos-comerciales\/\" target=\"_self\">\r\n\t\t\t\tC\u00f3mo dise\u00f1ar objetivos comerciales\t\t\t<\/a>\r\n\t\t<\/h2>\r\n\t\t\t\t<div class=\"premium-blog-entry-meta\">\r\n\t\t\t\r\n\t\t\t\t\t\t\t<span class=\"premium-blog-meta-separator\">\u2022<\/span>\r\n\t\t\t\t<div class=\"premium-blog-post-time premium-blog-meta-data\">\r\n\t\t\t\t\t<i class=\"fa fa-calendar-alt\" aria-hidden=\"true\"><\/i>\r\n\t\t\t\t\t<span>16 December, 2025<\/span>\r\n\t\t\t\t<\/div>\r\n\t\t\t\r\n\t\t\t\r\n\t\t\t\t\t<\/div>\r\n\t\t\r\n\t\t\t\t\t<\/div>\r\n\r\n\t\t\t\t\t\t\t<div class=\"premium-blog-content-inner-wrapper\">\r\n\t\t<p class=\"premium-blog-post-content\">Dise\u00f1ar objetivos comerciales que mejoren el rendimiento del equipo de ventas no consiste en fijar cifras ambiciosas, sino en construir un sistema que oriente el comportamiento comercial diario. Los objetivos eficaces separan resultado y rendimiento, se apoyan en m\u00e9tricas que el equipo puede gestionar directamente y se integran en un modelo de seguimiento y feedback continuo. Cuando los objetivos se utilizan como una herramienta de direcci\u00f3n \u2014y no solo de evaluaci\u00f3n\u2014, aumentan la claridad, la responsabilidad y la madurez del equipo convirtiendo el resultado final en una consecuencia previsible del buen rendimiento.<\/p>\t\t<\/div>\r\n\t\t\t\t\t\t\t\r\n\t\t\t\t<\/div>\r\n\t\t\t<\/div>\r\n\t\t<\/div>\r\n\r\n\t\t\t\t<div class=\"premium-blog-post-outer-container\" data-total=\"19\">\r\n\t\t\t<div class=\"premium-blog-post-container premium-blog-skin-classic\">\r\n\t\t\t\t\t\t\t\t\t<div class=\"premium-blog-thumb-effect-wrapper\">\r\n\t\t\t\t\t\t<div class=\"premium-blog-thumbnail-container premium-blog-zoomin-effect\">\r\n\t\t\t\t\t\t\t<img loading=\"lazy\" decoding=\"async\" width=\"300\" height=\"234\" src=\"https:\/\/adamorales.es\/wp-content\/uploads\/tk-qJDkJRTedNw-unsplash-scaled-e1744637677685-300x234.jpg\" class=\"attachment-medium size-medium wp-image-26903\" alt=\"Ada Morales. L\u00edderes cotidianos\" srcset=\"https:\/\/adamorales.es\/wp-content\/uploads\/tk-qJDkJRTedNw-unsplash-scaled-e1744637677685-300x234.jpg 300w, https:\/\/adamorales.es\/wp-content\/uploads\/tk-qJDkJRTedNw-unsplash-scaled-e1744637677685-1024x798.jpg 1024w, https:\/\/adamorales.es\/wp-content\/uploads\/tk-qJDkJRTedNw-unsplash-scaled-e1744637677685-768x599.jpg 768w, https:\/\/adamorales.es\/wp-content\/uploads\/tk-qJDkJRTedNw-unsplash-scaled-e1744637677685-1536x1198.jpg 1536w, https:\/\/adamorales.es\/wp-content\/uploads\/tk-qJDkJRTedNw-unsplash-scaled-e1744637677685-2048x1597.jpg 2048w\" sizes=\"(max-width: 300px) 100vw, 300px\" \/>\t\t\t\t\t\t<\/div>\r\n\t\t\t\t\t\t\t\t\t\t\t\t\t<div class=\"premium-blog-thumbnail-overlay\">\r\n\t\t\t\t\t\t\t\t<a class=\"elementor-icon\" href=\"https:\/\/adamorales.es\/en\/lideres-cotidianos\/\" target=\"_self\" aria-hidden=\"true\"><span>L\u00edderes cotidianos<\/span><\/a>\r\n\t\t\t\t\t\t\t<\/div>\r\n\r\n\t\t\t\t\t\t\t\t\t\t\t\t\t\t\t\t\t\t<\/div>\r\n\t\t\t\t\t\t\t\t\t\t\t\t<div class=\"premium-blog-content-wrapper \">\r\n\r\n\t\t\t\t\t<div class=\"premium-blog-inner-container\">\r\n\r\n\t\t\t\t\t\t\t\t\t\t\t\t\t\t<h2 class=\"premium-blog-entry-title\">\r\n\t\t\t<a href=\"https:\/\/adamorales.es\/en\/lideres-cotidianos\/\" target=\"_self\">\r\n\t\t\t\tL\u00edderes cotidianos\t\t\t<\/a>\r\n\t\t<\/h2>\r\n\t\t\t\t<div class=\"premium-blog-entry-meta\">\r\n\t\t\t\r\n\t\t\t\t\t\t\t<span class=\"premium-blog-meta-separator\">\u2022<\/span>\r\n\t\t\t\t<div class=\"premium-blog-post-time premium-blog-meta-data\">\r\n\t\t\t\t\t<i class=\"fa fa-calendar-alt\" aria-hidden=\"true\"><\/i>\r\n\t\t\t\t\t<span>16 September, 2025<\/span>\r\n\t\t\t\t<\/div>\r\n\t\t\t\r\n\t\t\t\r\n\t\t\t\t\t<\/div>\r\n\t\t\r\n\t\t\t\t\t<\/div>\r\n\r\n\t\t\t\t\t\t\t<div class=\"premium-blog-content-inner-wrapper\">\r\n\t\t<p class=\"premium-blog-post-content\">Cuando pensamos en liderazgo solemos asociarlo a cargos, t\u00edtulos, jerarqu\u00edas y especialmente a un estatus reservado a unos pocos. La [&hellip;]<\/p>\t\t<\/div>\r\n\t\t\t\t\t\t\t\r\n\t\t\t\t<\/div>\r\n\t\t\t<\/div>\r\n\t\t<\/div>\r\n\r\n\t\t\t\t<\/div>\r\n\r\n\t\t\t\t\t\t<\/div>\n\t\t\t\t<\/div>\n\t\t\t\t<div class=\"elementor-element elementor-element-fe374fa elementor-align-center elementor-widget elementor-widget-button\" data-id=\"fe374fa\" data-element_type=\"widget\" data-widget_type=\"button.default\">\n\t\t\t\t<div class=\"elementor-widget-container\">\n\t\t\t\t\t\t\t\t\t<div class=\"elementor-button-wrapper\">\n\t\t\t\t\t<a class=\"elementor-button elementor-button-link elementor-size-md\" href=\"\/blog\/\">\n\t\t\t\t\t\t<span class=\"elementor-button-content-wrapper\">\n\t\t\t\t\t\t\t\t\t<span class=\"elementor-button-text\">Blog<\/span>\n\t\t\t\t\t<\/span>\n\t\t\t\t\t<\/a>\n\t\t\t\t<\/div>\n\t\t\t\t\t\t\t\t<\/div>\n\t\t\t\t<\/div>\n\t\t\t\t\t<\/div>\n\t\t<\/div>\n\t\t\t\t\t<\/div>\n\t\t<\/section>\n\t\t\t\t<\/div>\n\t\t","protected":false},"excerpt":{"rendered":"<p>De las soft skills a las power skills De las soft skills a las power skills \u2022 30 mayo, 2023 [&hellip;]<\/p>\n","protected":false},"author":1,"featured_media":0,"parent":9687,"menu_order":0,"comment_status":"closed","ping_status":"closed","template":"","meta":{"footnotes":""},"class_list":["post-9706","page","type-page","status-publish","hentry"],"yoast_head":"<!-- This site is optimized with the Yoast SEO plugin v23.8 - https:\/\/yoast.com\/wordpress\/plugins\/seo\/ -->\n<title>- Recent posts<\/title>\n<meta name=\"robots\" content=\"index, follow, max-snippet:-1, max-image-preview:large, max-video-preview:-1\" \/>\n<link rel=\"canonical\" href=\"https:\/\/adamorales.es\/en\/coaching-comercial-formacion-en-ventas\/most-recent-posts\/\" \/>\n<meta property=\"og:locale\" content=\"en_US\" \/>\n<meta property=\"og:type\" content=\"article\" \/>\n<meta property=\"og:title\" content=\"- Recent posts\" \/>\n<meta property=\"og:description\" content=\"De las soft skills a las power skills De las soft skills a las power skills \u2022 30 mayo, 2023 [&hellip;]\" \/>\n<meta property=\"og:url\" content=\"https:\/\/adamorales.es\/en\/coaching-comercial-formacion-en-ventas\/most-recent-posts\/\" \/>\n<meta property=\"og:site_name\" content=\"Ada Morales\" \/>\n<meta property=\"article:publisher\" content=\"https:\/\/www.facebook.com\/adamoraleses-1460474490899619\/\" \/>\n<meta property=\"article:modified_time\" content=\"2023-09-07T15:56:36+00:00\" \/>\n<meta property=\"og:image\" content=\"https:\/\/adamorales.es\/wp-content\/uploads\/\/alexander-sinn-KgLtFCgfC28-unsplash-300x200.jpg\" \/>\n<meta name=\"twitter:card\" content=\"summary_large_image\" \/>\n<meta name=\"twitter:site\" content=\"@adamoralescoach\" \/>\n<meta name=\"twitter:label1\" content=\"Est. reading time\" \/>\n\t<meta name=\"twitter:data1\" content=\"3 minutes\" \/>\n<script type=\"application\/ld+json\" class=\"yoast-schema-graph\">{\"@context\":\"https:\/\/schema.org\",\"@graph\":[{\"@type\":\"WebPage\",\"@id\":\"https:\/\/adamorales.es\/en\/coaching-comercial-formacion-en-ventas\/most-recent-posts\/\",\"url\":\"https:\/\/adamorales.es\/en\/coaching-comercial-formacion-en-ventas\/most-recent-posts\/\",\"name\":\"- Recent posts\",\"isPartOf\":{\"@id\":\"https:\/\/adamorales.es\/#website\"},\"primaryImageOfPage\":{\"@id\":\"https:\/\/adamorales.es\/en\/coaching-comercial-formacion-en-ventas\/most-recent-posts\/#primaryimage\"},\"image\":{\"@id\":\"https:\/\/adamorales.es\/en\/coaching-comercial-formacion-en-ventas\/most-recent-posts\/#primaryimage\"},\"thumbnailUrl\":\"https:\/\/adamorales.es\/wp-content\/uploads\/\/alexander-sinn-KgLtFCgfC28-unsplash-300x200.jpg\",\"datePublished\":\"2021-12-21T19:32:09+00:00\",\"dateModified\":\"2023-09-07T15:56:36+00:00\",\"breadcrumb\":{\"@id\":\"https:\/\/adamorales.es\/en\/coaching-comercial-formacion-en-ventas\/most-recent-posts\/#breadcrumb\"},\"inLanguage\":\"en-US\",\"potentialAction\":[{\"@type\":\"ReadAction\",\"target\":[\"https:\/\/adamorales.es\/en\/coaching-comercial-formacion-en-ventas\/most-recent-posts\/\"]}]},{\"@type\":\"ImageObject\",\"inLanguage\":\"en-US\",\"@id\":\"https:\/\/adamorales.es\/en\/coaching-comercial-formacion-en-ventas\/most-recent-posts\/#primaryimage\",\"url\":\"https:\/\/adamorales.es\/wp-content\/uploads\/\/alexander-sinn-KgLtFCgfC28-unsplash-300x200.jpg\",\"contentUrl\":\"https:\/\/adamorales.es\/wp-content\/uploads\/\/alexander-sinn-KgLtFCgfC28-unsplash-300x200.jpg\"},{\"@type\":\"BreadcrumbList\",\"@id\":\"https:\/\/adamorales.es\/en\/coaching-comercial-formacion-en-ventas\/most-recent-posts\/#breadcrumb\",\"itemListElement\":[{\"@type\":\"ListItem\",\"position\":1,\"name\":\"Home\",\"item\":\"https:\/\/adamorales.es\/en\/\"},{\"@type\":\"ListItem\",\"position\":2,\"name\":\"HOME\",\"item\":\"https:\/\/adamorales.es\/en\/\"},{\"@type\":\"ListItem\",\"position\":3,\"name\":\"Recent posts\"}]},{\"@type\":\"WebSite\",\"@id\":\"https:\/\/adamorales.es\/#website\",\"url\":\"https:\/\/adamorales.es\/\",\"name\":\"Ada Morales\",\"description\":\"coaching, formaci\u00f3n en comunicaci\u00f3n, ventas, inteligencia comercial y liderazgo\",\"publisher\":{\"@id\":\"https:\/\/adamorales.es\/#organization\"},\"potentialAction\":[{\"@type\":\"SearchAction\",\"target\":{\"@type\":\"EntryPoint\",\"urlTemplate\":\"https:\/\/adamorales.es\/?s={search_term_string}\"},\"query-input\":{\"@type\":\"PropertyValueSpecification\",\"valueRequired\":true,\"valueName\":\"search_term_string\"}}],\"inLanguage\":\"en-US\"},{\"@type\":\"Organization\",\"@id\":\"https:\/\/adamorales.es\/#organization\",\"name\":\"Ada Morales\",\"url\":\"https:\/\/adamorales.es\/\",\"logo\":{\"@type\":\"ImageObject\",\"inLanguage\":\"en-US\",\"@id\":\"https:\/\/adamorales.es\/#\/schema\/logo\/image\/\",\"url\":\"https:\/\/adamorales.es\/wp-content\/uploads\/IMG_4792.jpg\",\"contentUrl\":\"https:\/\/adamorales.es\/wp-content\/uploads\/IMG_4792.jpg\",\"width\":960,\"height\":720,\"caption\":\"Ada Morales\"},\"image\":{\"@id\":\"https:\/\/adamorales.es\/#\/schema\/logo\/image\/\"},\"sameAs\":[\"https:\/\/www.facebook.com\/adamoraleses-1460474490899619\/\",\"https:\/\/x.com\/adamoralescoach\",\"https:\/\/www.linkedin.com\/in\/adamorales\/\"]}]}<\/script>\n<!-- \/ Yoast SEO plugin. -->","yoast_head_json":{"title":"- Recent posts","robots":{"index":"index","follow":"follow","max-snippet":"max-snippet:-1","max-image-preview":"max-image-preview:large","max-video-preview":"max-video-preview:-1"},"canonical":"https:\/\/adamorales.es\/en\/coaching-comercial-formacion-en-ventas\/most-recent-posts\/","og_locale":"en_US","og_type":"article","og_title":"- Recent posts","og_description":"De las soft skills a las power skills De las soft skills a las power skills \u2022 30 mayo, 2023 [&hellip;]","og_url":"https:\/\/adamorales.es\/en\/coaching-comercial-formacion-en-ventas\/most-recent-posts\/","og_site_name":"Ada Morales","article_publisher":"https:\/\/www.facebook.com\/adamoraleses-1460474490899619\/","article_modified_time":"2023-09-07T15:56:36+00:00","og_image":[{"url":"https:\/\/adamorales.es\/wp-content\/uploads\/\/alexander-sinn-KgLtFCgfC28-unsplash-300x200.jpg"}],"twitter_card":"summary_large_image","twitter_site":"@adamoralescoach","twitter_misc":{"Est. reading time":"3 minutes"},"schema":{"@context":"https:\/\/schema.org","@graph":[{"@type":"WebPage","@id":"https:\/\/adamorales.es\/en\/coaching-comercial-formacion-en-ventas\/most-recent-posts\/","url":"https:\/\/adamorales.es\/en\/coaching-comercial-formacion-en-ventas\/most-recent-posts\/","name":"- Recent posts","isPartOf":{"@id":"https:\/\/adamorales.es\/#website"},"primaryImageOfPage":{"@id":"https:\/\/adamorales.es\/en\/coaching-comercial-formacion-en-ventas\/most-recent-posts\/#primaryimage"},"image":{"@id":"https:\/\/adamorales.es\/en\/coaching-comercial-formacion-en-ventas\/most-recent-posts\/#primaryimage"},"thumbnailUrl":"https:\/\/adamorales.es\/wp-content\/uploads\/\/alexander-sinn-KgLtFCgfC28-unsplash-300x200.jpg","datePublished":"2021-12-21T19:32:09+00:00","dateModified":"2023-09-07T15:56:36+00:00","breadcrumb":{"@id":"https:\/\/adamorales.es\/en\/coaching-comercial-formacion-en-ventas\/most-recent-posts\/#breadcrumb"},"inLanguage":"en-US","potentialAction":[{"@type":"ReadAction","target":["https:\/\/adamorales.es\/en\/coaching-comercial-formacion-en-ventas\/most-recent-posts\/"]}]},{"@type":"ImageObject","inLanguage":"en-US","@id":"https:\/\/adamorales.es\/en\/coaching-comercial-formacion-en-ventas\/most-recent-posts\/#primaryimage","url":"https:\/\/adamorales.es\/wp-content\/uploads\/\/alexander-sinn-KgLtFCgfC28-unsplash-300x200.jpg","contentUrl":"https:\/\/adamorales.es\/wp-content\/uploads\/\/alexander-sinn-KgLtFCgfC28-unsplash-300x200.jpg"},{"@type":"BreadcrumbList","@id":"https:\/\/adamorales.es\/en\/coaching-comercial-formacion-en-ventas\/most-recent-posts\/#breadcrumb","itemListElement":[{"@type":"ListItem","position":1,"name":"Home","item":"https:\/\/adamorales.es\/en\/"},{"@type":"ListItem","position":2,"name":"HOME","item":"https:\/\/adamorales.es\/en\/"},{"@type":"ListItem","position":3,"name":"Recent posts"}]},{"@type":"WebSite","@id":"https:\/\/adamorales.es\/#website","url":"https:\/\/adamorales.es\/","name":"Ada Morales","description":"coaching, formaci\u00f3n en comunicaci\u00f3n, ventas, inteligencia comercial y liderazgo","publisher":{"@id":"https:\/\/adamorales.es\/#organization"},"potentialAction":[{"@type":"SearchAction","target":{"@type":"EntryPoint","urlTemplate":"https:\/\/adamorales.es\/?s={search_term_string}"},"query-input":{"@type":"PropertyValueSpecification","valueRequired":true,"valueName":"search_term_string"}}],"inLanguage":"en-US"},{"@type":"Organization","@id":"https:\/\/adamorales.es\/#organization","name":"Ada Morales","url":"https:\/\/adamorales.es\/","logo":{"@type":"ImageObject","inLanguage":"en-US","@id":"https:\/\/adamorales.es\/#\/schema\/logo\/image\/","url":"https:\/\/adamorales.es\/wp-content\/uploads\/IMG_4792.jpg","contentUrl":"https:\/\/adamorales.es\/wp-content\/uploads\/IMG_4792.jpg","width":960,"height":720,"caption":"Ada Morales"},"image":{"@id":"https:\/\/adamorales.es\/#\/schema\/logo\/image\/"},"sameAs":["https:\/\/www.facebook.com\/adamoraleses-1460474490899619\/","https:\/\/x.com\/adamoralescoach","https:\/\/www.linkedin.com\/in\/adamorales\/"]}]}},"_links":{"self":[{"href":"https:\/\/adamorales.es\/en\/wp-json\/wp\/v2\/pages\/9706"}],"collection":[{"href":"https:\/\/adamorales.es\/en\/wp-json\/wp\/v2\/pages"}],"about":[{"href":"https:\/\/adamorales.es\/en\/wp-json\/wp\/v2\/types\/page"}],"author":[{"embeddable":true,"href":"https:\/\/adamorales.es\/en\/wp-json\/wp\/v2\/users\/1"}],"replies":[{"embeddable":true,"href":"https:\/\/adamorales.es\/en\/wp-json\/wp\/v2\/comments?post=9706"}],"version-history":[{"count":24,"href":"https:\/\/adamorales.es\/en\/wp-json\/wp\/v2\/pages\/9706\/revisions"}],"predecessor-version":[{"id":27767,"href":"https:\/\/adamorales.es\/en\/wp-json\/wp\/v2\/pages\/9706\/revisions\/27767"}],"up":[{"embeddable":true,"href":"https:\/\/adamorales.es\/en\/wp-json\/wp\/v2\/pages\/9687"}],"wp:attachment":[{"href":"https:\/\/adamorales.es\/en\/wp-json\/wp\/v2\/media?parent=9706"}],"curies":[{"name":"wp","href":"https:\/\/api.w.org\/{rel}","templated":true}]}}